{"id":1121,"date":"2022-08-05T20:33:04","date_gmt":"2022-08-05T13:33:04","guid":{"rendered":"https:\/\/ctd-security.com\/?post_type=product&#038;p=1121"},"modified":"2024-12-25T20:57:55","modified_gmt":"2024-12-25T13:57:55","slug":"phao-cuu-sinh-dieu-khien-tu-xa","status":"publish","type":"product","link":"https:\/\/ctd-security.com\/en\/product\/phao-cuu-sinh-dieu-khien-tu-xa\/","title":{"rendered":"Remote control life buoys"},"content":{"rendered":"<h3><span style=\"color: #333333;\">PHAO C\u1ee8U SINH \u0110I\u1ec0U KHI\u1ec2N T\u1eea XA\u00a0<\/span><\/h3>\n<p><span style=\"color: #333333;\">Phao c\u1ee9u sinh th\u00f4ng minh \u0111i\u1ec1u khi\u1ec3n t\u1eeb xa RCL8 l\u00e0 thi\u1ebft b\u1ecb ti\u00ean ti\u1ebfn<\/span><br \/>\n<span style=\"color: #333333;\">v\u00e0 c\u1ef1c k\u1ef3 th\u00f4ng minh, \u0111\u01b0\u1ee3c thi\u1ebft k\u1ebf cho c\u00e1c ho\u1ea1t \u0111\u1ed9ng c\u1ee9u h\u1ed9 d\u01b0\u1edbi n\u01b0\u1edbc,<\/span><br \/>\n<span style=\"color: #333333;\">c\u00f4ng su\u1ea5t v\u01b0\u1ee3t tr\u1ed9i, hi\u1ec7u su\u1ea5t cao, ho\u1ea1t \u0111\u1ed9ng trong c\u00e1c \u0111i\u1ec1u ki\u1ec7n kh\u1eafc nghi\u1ec7t<\/span><br \/>\n<span style=\"color: #333333;\">nh\u01b0 m\u01b0a b\u00e3o, \u0111\u00eam t\u1ed1i, l\u0169 l\u1ee5t &#8230;<\/span><\/p>\n<p><span style=\"color: #333333;\"><strong>T\u00cdNH N\u0102NG<\/strong><\/span><br \/>\n<span style=\"color: #333333;\">\u2022 Ch\u1ee9c n\u0103ng di chuy\u1ec3n t<strong><em>heo l\u1ed9 tr\u00ecnh t\u1ef1 \u0111\u1ed9ng<\/em><\/strong><\/span><br \/>\n<span style=\"color: #333333;\">\u2022 T\u00f9y ch\u1ec9nh \u0111i\u1ec3m tr\u1edf v\u1ec1.<\/span><br \/>\n<span style=\"color: #333333;\">\u2022 T\u1ef1 \u0111\u1ed9ng tr\u1edf v\u1ec1 khi v\u1ecb tr\u00ed xu\u1ea5t ph\u00e1t khi m\u1ea5t t\u00edn hi\u1ec7u k\u1ebft n\u1ed1i.<\/span><br \/>\n<span style=\"color: #333333;\">\u2022 Tr\u1ea1ng th\u00e1i m\u1eb7t tr\u00ean d\u01b0\u1edbi \u0111\u01b0\u1ee3c hi\u1ec3n th\u1ecb v\u00e0 t<em><strong>\u1ef1 \u0111\u1ed9ng l\u1eadt v\u1ec1 \u0111\u00fang tr\u1ea1ng th\u00e1<\/strong><\/em>i.<\/span><br \/>\n<span style=\"color: #333333;\">\u2022 Ch\u1ee9c n\u0103ng t\u1ef1 ph\u00e1t hi\u1ec7n v\u00e0 b\u00e1o \u0111\u1ed9ng khi thi\u1ebft b\u1ecb c\u00f3 tr\u1ea1ng th\u00e1i b\u1ea5t th\u01b0\u1eddng.<\/span><br \/>\n<span style=\"color: #333333;\">\u2022 Hi\u1ec3n th\u1ecb <strong><em>t\u1ecda \u0111\u1ed9, v\u1ecb tr\u00ed GPS\u00a0<\/em><\/strong><\/span><br \/>\n<span style=\"color: #333333;\">\u2022 Th\u00f4ng tin \u00e2m thanh hai chi\u1ec1u<\/span><br \/>\n<span style=\"color: #333333;\">\u2022 Th\u1ec3 hi\u1ec7n kho\u1ea3n c\u00e1ch t\u1eeb thi\u1ebft b\u1ecb \u0111\u1ebfn v\u1ecb tr\u00ed xu\u1ea5t ph\u00e1t.<\/span><br \/>\n<span style=\"color: #333333;\">\u2022 Kho\u1ea3ng c\u00e1ch <strong><em>\u0111i\u1ec1u khi\u1ec3n 1500m\u00a0<\/em><\/strong><\/span><br \/>\n<span style=\"color: #333333;\">\u2022 S\u1ee9c k\u00e9o tr\u00ean m\u1eb7t n\u01b0\u1edbc 330kg\u00a0<\/span><br \/>\n<span style=\"color: #333333;\">\u2022 Kh\u1ea3 n\u0103ng ch\u1ed1ng ch\u1ecbu s\u00f3ng, gi\u00f3 m\u1ea1nh m\u1ebd :<strong><em> M\u1ee9c 3.<\/em><\/strong><\/span><\/p>\n<h3><span style=\"color: #333333;\">Th\u00f4ng s\u1ed1 k\u1ef9 thu\u1eadt<\/span><\/h3>\n<div class=\"parameter-table\">\n<table>\n<tbody>\n<tr class=\"firstRow\">\n<td><span style=\"color: #333333;\">K\u00edch th\u01b0\u1edbc<\/span><\/td>\n<td>970x746x215mm<\/td>\n<td><span style=\"color: #333333;\">Nhi\u1ec7t \u0111\u1ed9 ho\u1ea1t \u0111\u1ed9ng<\/span><\/td>\n<td><span style=\"color: #333333;\">0 \u2103 -50 \u2103<\/span><\/td>\n<\/tr>\n<tr>\n<td><span style=\"color: #333333;\">C\u00e2n n\u1eb7ng<\/span><\/td>\n<td><span style=\"color: #333333;\">16.5kg<\/span><\/td>\n<td><span style=\"color: #333333;\">Nhi\u1ec7t \u0111\u1ed9 b\u1ea3o qu\u1ea3n<\/span><\/td>\n<td><span style=\"color: #333333;\">-20 \u2103 -60 \u2103<\/span><\/td>\n<\/tr>\n<tr>\n<td><span style=\"color: #333333;\">S\u1ef1 k\u00e9o tr\u00ean m\u1eb7t n\u01b0\u1edbc<\/span><\/td>\n<td><span style=\"color: #333333;\">330kg<\/span><\/td>\n<td><span style=\"color: #333333;\">M\u1ee9c \u0111\u1ed9 ch\u1ed1ng th\u1ea5m n\u01b0\u1edbc<\/span><\/td>\n<td><span style=\"color: #333333;\">IP68<\/span><\/td>\n<\/tr>\n<tr>\n<td><span style=\"color: #333333;\">T\u1ed1c \u0111\u1ed9 kh\u00f4ng t\u1ea3i t\u1ed1i \u0111a<\/span><\/td>\n<td><span style=\"color: #333333;\">6 m\u00e9t \/ gi\u00e2y<\/span><\/td>\n<td><span style=\"color: #333333;\">\u0110i\u1ec7n \u00e1p \u0111\u1ea7u ra<\/span><\/td>\n<td><span style=\"color: #333333;\">25,9V<\/span><\/td>\n<\/tr>\n<tr>\n<td><span style=\"color: #333333;\">T\u1ed1c \u0111\u1ed9 c\u00f3 ng\u01b0\u1eddi l\u00e1i<\/span><\/td>\n<td><span style=\"color: #333333;\">3 m\u00e9t \/ gi\u00e2y<\/span><\/td>\n<td><span style=\"color: #333333;\">Dung l\u01b0\u1ee3ng pin<\/span><\/td>\n<td><span style=\"color: #333333;\">15Ah<\/span><\/td>\n<\/tr>\n<tr>\n<td><span style=\"color: #333333;\">Th\u1eddi gian ho\u1ea1t \u0111\u1ed9ng<\/span><\/td>\n<td><span style=\"color: #333333;\">80 ph\u00fat<\/span><\/td>\n<td><span style=\"color: #333333;\">Th\u1eddi gian s\u1ea1c<\/span><\/td>\n<td><span style=\"color: #333333;\">\u00a02h<\/span><\/td>\n<\/tr>\n<tr>\n<td><span style=\"color: #333333;\">Tr\u1ea3 l\u1ea1i \u0111\u1ed9 ch\u00ednh x\u00e1c<\/span><\/td>\n<td><span style=\"color: #333333;\">Trong v\u00f2ng 2 m\u00e9t<\/span><\/td>\n<td><span style=\"color: #333333;\">\u0110inh v\u1ecb GPS<\/span><\/td>\n<td><span style=\"color: #333333;\">C\u00f3<\/span><\/td>\n<\/tr>\n<tr>\n<td><span style=\"color: #333333;\">Kho\u1ea3ng c\u00e1ch \u0111i\u1ec1u khi\u1ec3n t\u1eeb xa<\/span><\/td>\n<td><span style=\"color: #333333;\">1500m m\u00e9t<\/span><\/td>\n<td><span style=\"color: #333333;\">Camera\u00a0<\/span><\/td>\n<td><span style=\"color: #333333;\">720P\/30S<\/span><\/td>\n<\/tr>\n<\/tbody>\n<\/table>\n<div class=\"parameter-table\"><\/div>\n<\/div>","protected":false},"excerpt":{"rendered":"<ul>\n<li>Hi\u1ec3n th\u1ecb video l\u1ed9 tr\u00ecnh di chuy\u1ec3n tr\u00ean \u0110K t\u1eeb xa<\/li>\n<li style=\"text-align: left;\"><span style=\"font-size: 100%;\">Kh\u1ea3 n\u0103ng \u0111i\u1ec1u khi\u1ec3n t\u1eeb xa t\u1eeb 500 &#8211; 800m\u00a0<\/span><\/li>\n<li style=\"text-align: left;\"><span style=\"font-size: 100%;\">Kh\u1ea3 n\u0103ng \u0111\u1ecbnh v\u1ecb GPS, hi\u1ec3n th\u1ecb b\u1ea3n \u0111\u1ed3 t\u00edch h\u1ee3p<\/span><\/li>\n<li style=\"text-align: left;\"><span style=\"font-size: 100%;\">kh\u1ea3 n\u0103ng quay tr\u1edf l\u1ea1i \u0111i\u1ec3m xu\u1ea5t ph\u00e1t khi m\u1ea5t t\u00edn hi\u1ec7u \u0110K<\/span><\/li>\n<li>S\u1ee9c n\u1ed5i 400kg<\/li>\n<li>M\u1ee9c \u0111\u1ed9 ch\u1ed1ng n\u01b0\u1edbc IP68<\/li>\n<\/ul>","protected":false},"featured_media":3130,"comment_status":"open","ping_status":"closed","template":"","meta":[],"product_brand":[],"product_cat":[15,98],"product_tag":[],"class_list":{"0":"post-1121","1":"product","2":"type-product","3":"status-publish","4":"has-post-thumbnail","6":"product_cat-tat-ca-san-pham","7":"product_cat-thiet-bi-pccc-va-chcn","9":"first","10":"instock","11":"shipping-taxable","12":"product-type-simple"},"yoast_head":"<!-- This site is optimized with the Yoast SEO plugin v27.6 - https:\/\/yoast.com\/product\/yoast-seo-wordpress\/ -->\n<title>Phao c\u1ee9u sinh \u0111i\u1ec1u khi\u1ec3n t\u1eeb xa - CTDTECH CO., LTD<\/title>\n<meta name=\"robots\" content=\"index, follow, max-snippet:-1, max-image-preview:large, max-video-preview:-1\" \/>\n<link rel=\"canonical\" href=\"https:\/\/ctd-security.com\/en\/product\/phao-cuu-sinh-dieu-khien-tu-xa\/\" \/>\n<meta property=\"og:locale\" content=\"en_US\" \/>\n<meta property=\"og:type\" content=\"article\" \/>\n<meta property=\"og:title\" content=\"Phao c\u1ee9u sinh \u0111i\u1ec1u khi\u1ec3n t\u1eeb xa - CTDTECH CO., LTD\" \/>\n<meta property=\"og:description\" content=\"Hi\u1ec3n th\u1ecb video l\u1ed9 tr\u00ecnh di chuy\u1ec3n tr\u00ean \u0110K t\u1eeb xa  Kh\u1ea3 n\u0103ng \u0111i\u1ec1u khi\u1ec3n t\u1eeb xa t\u1eeb 500 - 800m\u00a0  Kh\u1ea3 n\u0103ng \u0111\u1ecbnh v\u1ecb GPS, hi\u1ec3n th\u1ecb b\u1ea3n \u0111\u1ed3 t\u00edch h\u1ee3p  kh\u1ea3 n\u0103ng quay tr\u1edf l\u1ea1i \u0111i\u1ec3m xu\u1ea5t ph\u00e1t khi m\u1ea5t t\u00edn hi\u1ec7u \u0110K  S\u1ee9c n\u1ed5i 400kg  M\u1ee9c \u0111\u1ed9 ch\u1ed1ng n\u01b0\u1edbc IP68\" \/>\n<meta property=\"og:url\" content=\"https:\/\/ctd-security.com\/en\/product\/phao-cuu-sinh-dieu-khien-tu-xa\/\" \/>\n<meta property=\"og:site_name\" content=\"CTDTECH CO., LTD\" \/>\n<meta property=\"article:modified_time\" content=\"2024-12-25T13:57:55+00:00\" \/>\n<meta property=\"og:image\" content=\"https:\/\/ctd-security.com\/wp-content\/uploads\/2022\/08\/RS1-3_540x.webp\" \/>\n\t<meta property=\"og:image:width\" content=\"540\" \/>\n\t<meta property=\"og:image:height\" content=\"540\" \/>\n\t<meta property=\"og:image:type\" content=\"image\/webp\" \/>\n<meta name=\"twitter:card\" content=\"summary_large_image\" \/>\n<meta name=\"twitter:label1\" content=\"Est. reading time\" \/>\n\t<meta name=\"twitter:data1\" content=\"2 minutes\" \/>\n<script type=\"application\/ld+json\" class=\"yoast-schema-graph\">{\"@context\":\"https:\\\/\\\/schema.org\",\"@graph\":[{\"@type\":\"WebPage\",\"@id\":\"https:\\\/\\\/ctd-security.com\\\/en\\\/product\\\/phao-cuu-sinh-dieu-khien-tu-xa\\\/\",\"url\":\"https:\\\/\\\/ctd-security.com\\\/en\\\/product\\\/phao-cuu-sinh-dieu-khien-tu-xa\\\/\",\"name\":\"Phao c\u1ee9u sinh \u0111i\u1ec1u khi\u1ec3n t\u1eeb xa - CTDTECH CO., LTD\",\"isPartOf\":{\"@id\":\"https:\\\/\\\/ctd-security.com\\\/#website\"},\"primaryImageOfPage\":{\"@id\":\"https:\\\/\\\/ctd-security.com\\\/en\\\/product\\\/phao-cuu-sinh-dieu-khien-tu-xa\\\/#primaryimage\"},\"image\":{\"@id\":\"https:\\\/\\\/ctd-security.com\\\/en\\\/product\\\/phao-cuu-sinh-dieu-khien-tu-xa\\\/#primaryimage\"},\"thumbnailUrl\":\"https:\\\/\\\/ctd-security.com\\\/wp-content\\\/uploads\\\/2022\\\/08\\\/RS1-3_540x.webp\",\"datePublished\":\"2022-08-05T13:33:04+00:00\",\"dateModified\":\"2024-12-25T13:57:55+00:00\",\"breadcrumb\":{\"@id\":\"https:\\\/\\\/ctd-security.com\\\/en\\\/product\\\/phao-cuu-sinh-dieu-khien-tu-xa\\\/#breadcrumb\"},\"inLanguage\":\"en-US\",\"potentialAction\":[{\"@type\":\"ReadAction\",\"target\":[\"https:\\\/\\\/ctd-security.com\\\/en\\\/product\\\/phao-cuu-sinh-dieu-khien-tu-xa\\\/\"]}]},{\"@type\":\"ImageObject\",\"inLanguage\":\"en-US\",\"@id\":\"https:\\\/\\\/ctd-security.com\\\/en\\\/product\\\/phao-cuu-sinh-dieu-khien-tu-xa\\\/#primaryimage\",\"url\":\"https:\\\/\\\/ctd-security.com\\\/wp-content\\\/uploads\\\/2022\\\/08\\\/RS1-3_540x.webp\",\"contentUrl\":\"https:\\\/\\\/ctd-security.com\\\/wp-content\\\/uploads\\\/2022\\\/08\\\/RS1-3_540x.webp\",\"width\":540,\"height\":540},{\"@type\":\"BreadcrumbList\",\"@id\":\"https:\\\/\\\/ctd-security.com\\\/en\\\/product\\\/phao-cuu-sinh-dieu-khien-tu-xa\\\/#breadcrumb\",\"itemListElement\":[{\"@type\":\"ListItem\",\"position\":1,\"name\":\"Trang ch\u1ee7\",\"item\":\"https:\\\/\\\/ctd-security.com\\\/\"},{\"@type\":\"ListItem\",\"position\":2,\"name\":\"s\u1ea3n ph\u1ea9m\",\"item\":\"https:\\\/\\\/ctd-security.com\\\/san-pham\\\/\"},{\"@type\":\"ListItem\",\"position\":3,\"name\":\"Phao c\u1ee9u sinh \u0111i\u1ec1u khi\u1ec3n t\u1eeb xa\"}]},{\"@type\":\"WebSite\",\"@id\":\"https:\\\/\\\/ctd-security.com\\\/#website\",\"url\":\"https:\\\/\\\/ctd-security.com\\\/\",\"name\":\"CTDTECH CO., LTD\",\"description\":\"Thi\u1ebft B\u1ecb v\u00e0 Gi\u1ea3i ph\u00e1p An Ninh\",\"publisher\":{\"@id\":\"https:\\\/\\\/ctd-security.com\\\/#organization\"},\"potentialAction\":[{\"@type\":\"SearchAction\",\"target\":{\"@type\":\"EntryPoint\",\"urlTemplate\":\"https:\\\/\\\/ctd-security.com\\\/?s={search_term_string}\"},\"query-input\":{\"@type\":\"PropertyValueSpecification\",\"valueRequired\":true,\"valueName\":\"search_term_string\"}}],\"inLanguage\":\"en-US\"},{\"@type\":\"Organization\",\"@id\":\"https:\\\/\\\/ctd-security.com\\\/#organization\",\"name\":\"CTDTECH Company\",\"url\":\"https:\\\/\\\/ctd-security.com\\\/\",\"logo\":{\"@type\":\"ImageObject\",\"inLanguage\":\"en-US\",\"@id\":\"https:\\\/\\\/ctd-security.com\\\/#\\\/schema\\\/logo\\\/image\\\/\",\"url\":\"https:\\\/\\\/ctd-security.com\\\/wp-content\\\/uploads\\\/2022\\\/11\\\/CTDTECHNOLOGY-scaled.jpg\",\"contentUrl\":\"https:\\\/\\\/ctd-security.com\\\/wp-content\\\/uploads\\\/2022\\\/11\\\/CTDTECHNOLOGY-scaled.jpg\",\"width\":2560,\"height\":2560,\"caption\":\"CTDTECH Company\"},\"image\":{\"@id\":\"https:\\\/\\\/ctd-security.com\\\/#\\\/schema\\\/logo\\\/image\\\/\"}}]}<\/script>\n<!-- \/ Yoast SEO plugin. -->","yoast_head_json":{"title":"Phao c\u1ee9u sinh \u0111i\u1ec1u khi\u1ec3n t\u1eeb xa - CTDTECH CO., LTD","robots":{"index":"index","follow":"follow","max-snippet":"max-snippet:-1","max-image-preview":"max-image-preview:large","max-video-preview":"max-video-preview:-1"},"canonical":"https:\/\/ctd-security.com\/en\/product\/phao-cuu-sinh-dieu-khien-tu-xa\/","og_locale":"en_US","og_type":"article","og_title":"Phao c\u1ee9u sinh \u0111i\u1ec1u khi\u1ec3n t\u1eeb xa - CTDTECH CO., LTD","og_description":"Hi\u1ec3n th\u1ecb video l\u1ed9 tr\u00ecnh di chuy\u1ec3n tr\u00ean \u0110K t\u1eeb xa  Kh\u1ea3 n\u0103ng \u0111i\u1ec1u khi\u1ec3n t\u1eeb xa t\u1eeb 500 - 800m\u00a0  Kh\u1ea3 n\u0103ng \u0111\u1ecbnh v\u1ecb GPS, hi\u1ec3n th\u1ecb b\u1ea3n \u0111\u1ed3 t\u00edch h\u1ee3p  kh\u1ea3 n\u0103ng quay tr\u1edf l\u1ea1i \u0111i\u1ec3m xu\u1ea5t ph\u00e1t khi m\u1ea5t t\u00edn hi\u1ec7u \u0110K  S\u1ee9c n\u1ed5i 400kg  M\u1ee9c \u0111\u1ed9 ch\u1ed1ng n\u01b0\u1edbc IP68","og_url":"https:\/\/ctd-security.com\/en\/product\/phao-cuu-sinh-dieu-khien-tu-xa\/","og_site_name":"CTDTECH CO., LTD","article_modified_time":"2024-12-25T13:57:55+00:00","og_image":[{"width":540,"height":540,"url":"https:\/\/ctd-security.com\/wp-content\/uploads\/2022\/08\/RS1-3_540x.webp","type":"image\/webp"}],"twitter_card":"summary_large_image","twitter_misc":{"Est. reading time":"2 minutes"},"schema":{"@context":"https:\/\/schema.org","@graph":[{"@type":"WebPage","@id":"https:\/\/ctd-security.com\/en\/product\/phao-cuu-sinh-dieu-khien-tu-xa\/","url":"https:\/\/ctd-security.com\/en\/product\/phao-cuu-sinh-dieu-khien-tu-xa\/","name":"Phao c\u1ee9u sinh \u0111i\u1ec1u khi\u1ec3n t\u1eeb xa - CTDTECH CO., LTD","isPartOf":{"@id":"https:\/\/ctd-security.com\/#website"},"primaryImageOfPage":{"@id":"https:\/\/ctd-security.com\/en\/product\/phao-cuu-sinh-dieu-khien-tu-xa\/#primaryimage"},"image":{"@id":"https:\/\/ctd-security.com\/en\/product\/phao-cuu-sinh-dieu-khien-tu-xa\/#primaryimage"},"thumbnailUrl":"https:\/\/ctd-security.com\/wp-content\/uploads\/2022\/08\/RS1-3_540x.webp","datePublished":"2022-08-05T13:33:04+00:00","dateModified":"2024-12-25T13:57:55+00:00","breadcrumb":{"@id":"https:\/\/ctd-security.com\/en\/product\/phao-cuu-sinh-dieu-khien-tu-xa\/#breadcrumb"},"inLanguage":"en-US","potentialAction":[{"@type":"ReadAction","target":["https:\/\/ctd-security.com\/en\/product\/phao-cuu-sinh-dieu-khien-tu-xa\/"]}]},{"@type":"ImageObject","inLanguage":"en-US","@id":"https:\/\/ctd-security.com\/en\/product\/phao-cuu-sinh-dieu-khien-tu-xa\/#primaryimage","url":"https:\/\/ctd-security.com\/wp-content\/uploads\/2022\/08\/RS1-3_540x.webp","contentUrl":"https:\/\/ctd-security.com\/wp-content\/uploads\/2022\/08\/RS1-3_540x.webp","width":540,"height":540},{"@type":"BreadcrumbList","@id":"https:\/\/ctd-security.com\/en\/product\/phao-cuu-sinh-dieu-khien-tu-xa\/#breadcrumb","itemListElement":[{"@type":"ListItem","position":1,"name":"Trang ch\u1ee7","item":"https:\/\/ctd-security.com\/"},{"@type":"ListItem","position":2,"name":"s\u1ea3n ph\u1ea9m","item":"https:\/\/ctd-security.com\/san-pham\/"},{"@type":"ListItem","position":3,"name":"Phao c\u1ee9u sinh \u0111i\u1ec1u khi\u1ec3n t\u1eeb xa"}]},{"@type":"WebSite","@id":"https:\/\/ctd-security.com\/#website","url":"https:\/\/ctd-security.com\/","name":"CTDTECH CO., LTD","description":"Thi\u1ebft B\u1ecb v\u00e0 Gi\u1ea3i ph\u00e1p An Ninh","publisher":{"@id":"https:\/\/ctd-security.com\/#organization"},"potentialAction":[{"@type":"SearchAction","target":{"@type":"EntryPoint","urlTemplate":"https:\/\/ctd-security.com\/?s={search_term_string}"},"query-input":{"@type":"PropertyValueSpecification","valueRequired":true,"valueName":"search_term_string"}}],"inLanguage":"en-US"},{"@type":"Organization","@id":"https:\/\/ctd-security.com\/#organization","name":"CTDTECH Company","url":"https:\/\/ctd-security.com\/","logo":{"@type":"ImageObject","inLanguage":"en-US","@id":"https:\/\/ctd-security.com\/#\/schema\/logo\/image\/","url":"https:\/\/ctd-security.com\/wp-content\/uploads\/2022\/11\/CTDTECHNOLOGY-scaled.jpg","contentUrl":"https:\/\/ctd-security.com\/wp-content\/uploads\/2022\/11\/CTDTECHNOLOGY-scaled.jpg","width":2560,"height":2560,"caption":"CTDTECH Company"},"image":{"@id":"https:\/\/ctd-security.com\/#\/schema\/logo\/image\/"}}]}},"_links":{"self":[{"href":"https:\/\/ctd-security.com\/en\/wp-json\/wp\/v2\/product\/1121","targetHints":{"allow":["GET"]}}],"collection":[{"href":"https:\/\/ctd-security.com\/en\/wp-json\/wp\/v2\/product"}],"about":[{"href":"https:\/\/ctd-security.com\/en\/wp-json\/wp\/v2\/types\/product"}],"replies":[{"embeddable":true,"href":"https:\/\/ctd-security.com\/en\/wp-json\/wp\/v2\/comments?post=1121"}],"wp:featuredmedia":[{"embeddable":true,"href":"https:\/\/ctd-security.com\/en\/wp-json\/wp\/v2\/media\/3130"}],"wp:attachment":[{"href":"https:\/\/ctd-security.com\/en\/wp-json\/wp\/v2\/media?parent=1121"}],"wp:term":[{"taxonomy":"product_brand","embeddable":true,"href":"https:\/\/ctd-security.com\/en\/wp-json\/wp\/v2\/product_brand?post=1121"},{"taxonomy":"product_cat","embeddable":true,"href":"https:\/\/ctd-security.com\/en\/wp-json\/wp\/v2\/product_cat?post=1121"},{"taxonomy":"product_tag","embeddable":true,"href":"https:\/\/ctd-security.com\/en\/wp-json\/wp\/v2\/product_tag?post=1121"}],"curies":[{"name":"wp","href":"https:\/\/api.w.org\/{rel}","templated":true}]}}