{"id":1205,"date":"2022-08-06T21:43:08","date_gmt":"2022-08-06T14:43:08","guid":{"rendered":"https:\/\/ctd-security.com\/?post_type=product&#038;p=1205"},"modified":"2022-08-24T08:01:32","modified_gmt":"2022-08-24T01:01:32","slug":"que-thu-nhanh-chat-ma-tuy-tong-hop","status":"publish","type":"product","link":"https:\/\/ctd-security.com\/en\/product\/que-thu-nhanh-chat-ma-tuy-tong-hop\/","title":{"rendered":"Multi Drug Panel Test"},"content":{"rendered":"<h3>QUE TH\u1eec NHANH MA T\u00daY T\u1ed4NG H\u1ee2P 5 CH\u00c2N<\/h3>\n<p>Multi Drug 5 Panel Test l\u00e0 b\u1ed9 test nhanh t\u00edch h\u1ee3p nhi\u1ec1u que th\u1eed \u0111\u1ec3 \u0111\u1ecbnh t\u00ednh ph\u00e1t hi\u1ec7n c\u00e1c ch\u1ea5t g\u00e2y nghi\u1ec7n <strong>MET\/THC\/MDMA\/MOP\/COC<\/strong>\u00a0 trong n\u01b0\u1edbc ti\u1ec3u ng\u01b0\u1eddi tr\u00ean m\u1ed9t b\u1ea3ng nh\u1ef1a duy nh\u1ea5t.<\/p>\n<p>C\u00e1c \u0111\u1ea7u th\u1ea5m h\u00fat m\u1eabu \u0111\u01b0\u1ee3c g\u1eafn c\u00f9ng chi\u1ec1u \u0111\u1ec3 c\u00f3 th\u1ec3 nh\u00fang \u0111\u1ed3ng th\u1eddi v\u00e0o m\u1eabu n\u01b0\u1edbc ti\u1ec3u. K\u1ebft qu\u1ea3 x\u00e9t nghi\u1ec7m v\u1edbi m\u1ed7i ch\u1ea5t g\u00e2y nghi\u1ec7n s\u1ebd \u0111\u01b0\u1ee3c hi\u1ec3n th\u1ecb trong m\u1ed9t k\u1ebft qu\u1ea3 ri\u00eang bi\u1ec7t.<\/p>\n<p><strong>Pha\u0301t hi\u00ea\u0323n ca\u0301c ch\u00e2\u0301t g\u00e2y nghi\u00ea\u0323n sau:<\/strong><\/p>\n<ul>\n<li>Methamphetamine (MET) \u2013 Ma t\u00fay \u0111\u00e1<\/li>\n<li>Marijuana (THC) \u2013 c\u1ea7n sa<\/li>\n<li>Methylenedioxymethamphetamine (MDMA) Ecstasy, thu\u1ed1c l\u1eafc<\/li>\n<li>Morphine (MOP)<\/li>\n<li>Cocain (COC)<\/li>\n<\/ul>\n<p><strong>C\u00e1c b\u01b0\u1edbc ti\u1ebfn h\u00e0nh x\u00e9t nghi\u1ec7m<\/strong><\/p>\n<ol>\n<li>\u0110\u1ec3 kit th\u1eed, m\u1eabu n\u01b0\u1edbc ti\u1ec3u \u1edf nhi\u1ec7t \u0111\u1ed9 ph\u00f2ng tr\u01b0\u1edbc khi l\u00e0m x\u00e9t nghi\u1ec7m (15 \u2013 30 \u0111\u1ed9 C)<\/li>\n<li>L\u1ea5y kit th\u1eed ra kh\u1ecfi t\u00fai k\u00edn \u0111\u1ef1ng s\u1ea3n ph\u1ea9m, s\u1eed d\u1ee5ng kit th\u1eed c\u00e0ng nhanh c\u00e0ng t\u1ed1t. L\u01b0u \u00fd: \u0110\u1ec3 \u0111\u1ea1t k\u1ebft qu\u1ea3 t\u1ed1t nh\u1ea5t, to\u00e0n b\u1ed9 qu\u00e1 tr\u00ecnh x\u00e9t nghi\u1ec7m ph\u1ea3i \u0111\u01b0\u1ee3c ho\u00e0n th\u00e0nh trong v\u00f2ng 1 gi\u1edd k\u1ec3 t\u1eeb khi m\u1edf t\u00fai \u0111\u1ef1ng s\u1ea3n ph\u1ea9m<\/li>\n<li>C\u1ea7m kit th\u1eed sao cho m\u0169i t\u00ean tr\u00ean kit th\u1eed h\u01b0\u1edbng xu\u1ed1ng: nh\u00fang kit th\u1eed theo ph\u01b0\u01a1ng ph\u00e1p th\u1eb3ng \u0111\u1ee9ng, cho b\u1ed9 \u0111\u1ea7u th\u1ea5m h\u00fat nh\u1eadp v\u00e0o m\u1eabu n\u01b0\u1edbc ti\u1ec3u \u0111\u1ef1ng trong c\u1ed1c nghi\u1ec7m v\u00e0 ng\u00e2m \u00edt nh\u1ea5t 10 \u2013 15 gi\u00e2y. Ti\u1ebfp theo, \u0111\u1eb7t kit th\u1eed tr\u00ean m\u1eb7t ph\u1eb3ng n\u1eb1m ngang kh\u00f4ng h\u00fat n\u01b0\u1edbc v\u00e0 b\u1eaft \u0111\u1ea7u t\u00ednh th\u1eddi gian. Ch\u00fa \u00fd: Kh\u00f4ng nh\u00fang kit th\u1eed s\u00e2u qu\u00e1 v\u1ea1ch t\u1ed1i \u0111a (Max Line \u2013 \u0111\u1ea7u m\u0169i t\u00ean) tr\u00ean kit th\u1eed.<\/li>\n<li>Ch\u1edd \u0111\u1ebfn khi c\u00e1c v\u1ea1ch \u0111\u1ecf xu\u1ea5t hi\u1ec7n tr\u00ean kit th\u1eed. \u0110\u1ecdc k\u1ebft qu\u1ea3 trong v\u00f2ng 5 ph\u00fat. Kh\u00f4ng s\u1eed d\u1ee5ng k\u1ebft qu\u1ea3 sau 10 ph\u00fat.<\/li>\n<\/ol>\n<p><strong>K\u1ebft Qu\u1ea3:<\/strong> \u0110\u1ecdc k\u1ebft qu\u1ea3 \u0111\u1ed1i v\u1edbi m\u1ed7i ch\u1ea5t g\u00e2y nghi\u1ec7n t\u1ea1i \u00f4 k\u1ebft qu\u1ea3 t\u01b0\u01a1ng \u1ee9ng v\u1edbi ch\u1ea5t g\u00e2y nghi\u1ec7n \u0111\u00f3 tr\u00ean kit th\u1eed \u00c2m t\u00ednh: N\u1ebfu trong \u00f4 k\u1ebft qu\u1ea3 xu\u1ea5t hi\u1ec7n hai v\u1ea1ch \u0111\u1ecf r\u00f5 r\u1ec7t: m\u1ed9t \u1edf v\u00f9ng ch\u1ee9ng g\u1ecdi l\u00e0 v\u1ea1ch ch\u1ee9ng (C) c\u00f2n v\u1ea1ch kia \u1edf v\u00f9ng k\u1ebft qu\u1ea3 g\u1ecdi l\u00e0 v\u1ea1ch k\u1ebft qu\u1ea3 (T).<\/p>\n<ul>\n<li>Th\u1eed nghi\u1ec7m l\u00e0 &#8220;<strong>d\u01b0\u01a1ng t\u00ednh<\/strong>&#8221; n\u1ebfu d\u00f2ng &#8220;C&#8221; xu\u1ea5t hi\u1ec7n.<\/li>\n<li>Th\u1eed nghi\u1ec7m l\u00e0 &#8220;<strong>\u00e2m t\u00ednh<\/strong>&#8221; n\u1ebfu c\u1ea3 hai d\u00f2ng &#8220;C&#8221; v\u00e0 &#8220;T&#8221; xu\u1ea5t hi\u1ec7n.<\/li>\n<li>Ki\u1ec3m tra l\u00e0 <strong>&#8220;kh\u00f4ng h\u1ee3p l\u1ec7&#8221;<\/strong> n\u1ebfu d\u00f2ng &#8220;C&#8221; kh\u00f4ng xu\u1ea5t hi\u1ec7n<\/li>\n<\/ul>\n<p><span style=\"color: #333333;\"><strong>Ti\u00eau chu\u1ea9n s\u1ea3n ph\u1ea9m:<\/strong><\/span><\/p>\n<div class=\"table-responsive wprt_style_display\">\n<table class=\"table\" border=\"1\">\n<tbody>\n<tr>\n<td><span style=\"color: #333333;\">T\u00e1c d\u1ee5ng<\/span><\/td>\n<td><span style=\"color: #333333;\">Ph\u00e1t hi\u1ec7n c\u00e1c ch\u1ea5t g\u00e2y nghi\u1ec7n MET\/THC\/MDMA\/MOP\/COC trong m\u1eabu n\u01b0\u1edbc ti\u1ec3u\u00a0<\/span><\/td>\n<\/tr>\n<tr>\n<td><span style=\"color: #333333;\">\u0110\u00f3ng g\u00f3i<\/span><\/td>\n<td><span style=\"color: #333333;\">H\u1ed9p 25 test<\/span><\/p>\n<p><span style=\"color: #333333;\">25 c\u1ed1c \u0111\u1ef1ng m\u1eabu<\/span><\/p>\n<p><span style=\"color: #333333;\">01 HDSD<\/span><\/td>\n<\/tr>\n<tr>\n<td><span style=\"color: #333333;\">M\u1eabu th\u1eed<\/span><\/td>\n<td><span style=\"color: #333333;\">N\u01b0\u1edbc ti\u1ec3u<\/span><\/td>\n<\/tr>\n<tr>\n<td><span style=\"color: #333333;\">Th\u1eddi gian \u0111\u1ecdc k\u1ebft qu\u1ea3<\/span><\/td>\n<td><span style=\"color: #333333;\">5 ph\u00fat<\/span><\/td>\n<\/tr>\n<tr>\n<td><span style=\"color: #333333;\">H\u1ea1n d\u00f9ng<\/span><\/td>\n<td><span style=\"color: #333333;\">\u00a024 th\u00e1ng k\u1ec3 t\u1eeb ng\u00e0y s\u1ea3n xu\u1ea5t<\/span><\/td>\n<\/tr>\n<tr>\n<td><span style=\"color: #333333;\">\u0110i\u1ec1u ki\u1ec7n b\u1ea3o qu\u1ea3n<\/span><\/td>\n<td><span style=\"color: #333333;\">2-30 \u0111\u1ed9 C<\/span><\/td>\n<\/tr>\n<\/tbody>\n<\/table>\n<\/div>","protected":false},"excerpt":{"rendered":"<ul>\n<li>Lo\u1ea1i Que th\u1eed ma t\u00fay t\u1ed5ng h\u1ee3p b\u1eb1ng n\u01b0\u1edbc ti\u1ec3u<\/li>\n<li>Pha\u0301t hi\u00ea\u0323n \u0111\u1ed3ng th\u1eddi 5 lo\u1ea1i ch\u1ea5t ma t\u00fay<\/li>\n<li>Methamphetamine (MET) \u2013 Ma t\u00fay \u0111\u00e1<\/li>\n<li>Marijuana (THC) \u2013 c\u1ea7n sa<\/li>\n<li>Methylenedioxymethamphetamine (MDMA) Ecstasy, thu\u1ed1c l\u1eafc<\/li>\n<li>Morphine (MOP)<\/li>\n<li>Cocain (COC)<\/li>\n<li>K\u1ebft qu\u1ea3 sau 05 ph\u00fat<\/li>\n<\/ul>","protected":false},"featured_media":1453,"comment_status":"open","ping_status":"closed","template":"","meta":[],"product_brand":[],"product_cat":[15,100],"product_tag":[],"class_list":{"0":"post-1205","1":"product","2":"type-product","3":"status-publish","4":"has-post-thumbnail","6":"product_cat-tat-ca-san-pham","7":"product_cat-vat-tu-tieu-hao","9":"first","10":"instock","11":"shipping-taxable","12":"product-type-simple"},"yoast_head":"<!-- This site is optimized with the Yoast SEO plugin v27.4 - https:\/\/yoast.com\/product\/yoast-seo-wordpress\/ -->\n<title>Que th\u1eed nhanh ch\u1ea5t ma t\u00fay t\u1ed5ng h\u1ee3p - CTDTECH CO., LTD<\/title>\n<meta name=\"robots\" content=\"index, follow, max-snippet:-1, max-image-preview:large, max-video-preview:-1\" \/>\n<link rel=\"canonical\" href=\"https:\/\/ctd-security.com\/en\/product\/que-thu-nhanh-chat-ma-tuy-tong-hop\/\" \/>\n<meta property=\"og:locale\" content=\"en_US\" \/>\n<meta property=\"og:type\" content=\"article\" \/>\n<meta property=\"og:title\" content=\"Que th\u1eed nhanh ch\u1ea5t ma t\u00fay t\u1ed5ng h\u1ee3p - CTDTECH CO., LTD\" \/>\n<meta property=\"og:description\" content=\"Lo\u1ea1i Que th\u1eed ma t\u00fay t\u1ed5ng h\u1ee3p b\u1eb1ng n\u01b0\u1edbc ti\u1ec3u  Pha\u0301t hi\u00ea\u0323n \u0111\u1ed3ng th\u1eddi 5 lo\u1ea1i ch\u1ea5t ma t\u00fay  Methamphetamine (MET) \u2013 Ma t\u00fay \u0111\u00e1  Marijuana (THC) \u2013 c\u1ea7n sa  Methylenedioxymethamphetamine (MDMA) Ecstasy, thu\u1ed1c l\u1eafc  Morphine (MOP)  Cocain (COC)  K\u1ebft qu\u1ea3 sau 05 ph\u00fat\" \/>\n<meta property=\"og:url\" content=\"https:\/\/ctd-security.com\/en\/product\/que-thu-nhanh-chat-ma-tuy-tong-hop\/\" \/>\n<meta property=\"og:site_name\" content=\"CTDTECH CO., LTD\" \/>\n<meta property=\"article:modified_time\" content=\"2022-08-24T01:01:32+00:00\" \/>\n<meta property=\"og:image\" content=\"https:\/\/ctd-security.com\/wp-content\/uploads\/2022\/08\/DOA-U05-Multi-drug-5-in-1-Test-Panel.165.3-1-1.jpg\" \/>\n\t<meta property=\"og:image:width\" content=\"800\" \/>\n\t<meta property=\"og:image:height\" content=\"800\" \/>\n\t<meta property=\"og:image:type\" content=\"image\/jpeg\" \/>\n<meta name=\"twitter:card\" content=\"summary_large_image\" \/>\n<meta name=\"twitter:label1\" content=\"Est. reading time\" \/>\n\t<meta name=\"twitter:data1\" content=\"3 minutes\" \/>\n<script type=\"application\/ld+json\" class=\"yoast-schema-graph\">{\"@context\":\"https:\\\/\\\/schema.org\",\"@graph\":[{\"@type\":\"WebPage\",\"@id\":\"https:\\\/\\\/ctd-security.com\\\/product\\\/que-thu-nhanh-chat-ma-tuy-tong-hop\\\/\",\"url\":\"https:\\\/\\\/ctd-security.com\\\/product\\\/que-thu-nhanh-chat-ma-tuy-tong-hop\\\/\",\"name\":\"Que th\u1eed nhanh ch\u1ea5t ma t\u00fay t\u1ed5ng h\u1ee3p - CTDTECH CO., LTD\",\"isPartOf\":{\"@id\":\"https:\\\/\\\/ctd-security.com\\\/#website\"},\"primaryImageOfPage\":{\"@id\":\"https:\\\/\\\/ctd-security.com\\\/product\\\/que-thu-nhanh-chat-ma-tuy-tong-hop\\\/#primaryimage\"},\"image\":{\"@id\":\"https:\\\/\\\/ctd-security.com\\\/product\\\/que-thu-nhanh-chat-ma-tuy-tong-hop\\\/#primaryimage\"},\"thumbnailUrl\":\"https:\\\/\\\/ctd-security.com\\\/wp-content\\\/uploads\\\/2022\\\/08\\\/DOA-U05-Multi-drug-5-in-1-Test-Panel.165.3-1-1.jpg\",\"datePublished\":\"2022-08-06T14:43:08+00:00\",\"dateModified\":\"2022-08-24T01:01:32+00:00\",\"breadcrumb\":{\"@id\":\"https:\\\/\\\/ctd-security.com\\\/product\\\/que-thu-nhanh-chat-ma-tuy-tong-hop\\\/#breadcrumb\"},\"inLanguage\":\"en-US\",\"potentialAction\":[{\"@type\":\"ReadAction\",\"target\":[\"https:\\\/\\\/ctd-security.com\\\/product\\\/que-thu-nhanh-chat-ma-tuy-tong-hop\\\/\"]}]},{\"@type\":\"ImageObject\",\"inLanguage\":\"en-US\",\"@id\":\"https:\\\/\\\/ctd-security.com\\\/product\\\/que-thu-nhanh-chat-ma-tuy-tong-hop\\\/#primaryimage\",\"url\":\"https:\\\/\\\/ctd-security.com\\\/wp-content\\\/uploads\\\/2022\\\/08\\\/DOA-U05-Multi-drug-5-in-1-Test-Panel.165.3-1-1.jpg\",\"contentUrl\":\"https:\\\/\\\/ctd-security.com\\\/wp-content\\\/uploads\\\/2022\\\/08\\\/DOA-U05-Multi-drug-5-in-1-Test-Panel.165.3-1-1.jpg\",\"width\":800,\"height\":800},{\"@type\":\"BreadcrumbList\",\"@id\":\"https:\\\/\\\/ctd-security.com\\\/product\\\/que-thu-nhanh-chat-ma-tuy-tong-hop\\\/#breadcrumb\",\"itemListElement\":[{\"@type\":\"ListItem\",\"position\":1,\"name\":\"Trang ch\u1ee7\",\"item\":\"https:\\\/\\\/ctd-security.com\\\/\"},{\"@type\":\"ListItem\",\"position\":2,\"name\":\"s\u1ea3n ph\u1ea9m\",\"item\":\"https:\\\/\\\/ctd-security.com\\\/san-pham\\\/\"},{\"@type\":\"ListItem\",\"position\":3,\"name\":\"Que th\u1eed nhanh ch\u1ea5t ma t\u00fay t\u1ed5ng h\u1ee3p\"}]},{\"@type\":\"WebSite\",\"@id\":\"https:\\\/\\\/ctd-security.com\\\/#website\",\"url\":\"https:\\\/\\\/ctd-security.com\\\/\",\"name\":\"CTDTECH CO., LTD\",\"description\":\"Thi\u1ebft B\u1ecb v\u00e0 Gi\u1ea3i ph\u00e1p An Ninh\",\"publisher\":{\"@id\":\"https:\\\/\\\/ctd-security.com\\\/#organization\"},\"potentialAction\":[{\"@type\":\"SearchAction\",\"target\":{\"@type\":\"EntryPoint\",\"urlTemplate\":\"https:\\\/\\\/ctd-security.com\\\/?s={search_term_string}\"},\"query-input\":{\"@type\":\"PropertyValueSpecification\",\"valueRequired\":true,\"valueName\":\"search_term_string\"}}],\"inLanguage\":\"en-US\"},{\"@type\":\"Organization\",\"@id\":\"https:\\\/\\\/ctd-security.com\\\/#organization\",\"name\":\"CTDTECH Company\",\"url\":\"https:\\\/\\\/ctd-security.com\\\/\",\"logo\":{\"@type\":\"ImageObject\",\"inLanguage\":\"en-US\",\"@id\":\"https:\\\/\\\/ctd-security.com\\\/#\\\/schema\\\/logo\\\/image\\\/\",\"url\":\"https:\\\/\\\/ctd-security.com\\\/wp-content\\\/uploads\\\/2022\\\/11\\\/CTDTECHNOLOGY-scaled.jpg\",\"contentUrl\":\"https:\\\/\\\/ctd-security.com\\\/wp-content\\\/uploads\\\/2022\\\/11\\\/CTDTECHNOLOGY-scaled.jpg\",\"width\":2560,\"height\":2560,\"caption\":\"CTDTECH Company\"},\"image\":{\"@id\":\"https:\\\/\\\/ctd-security.com\\\/#\\\/schema\\\/logo\\\/image\\\/\"}}]}<\/script>\n<!-- \/ Yoast SEO plugin. -->","yoast_head_json":{"title":"Que th\u1eed nhanh ch\u1ea5t ma t\u00fay t\u1ed5ng h\u1ee3p - CTDTECH CO., LTD","robots":{"index":"index","follow":"follow","max-snippet":"max-snippet:-1","max-image-preview":"max-image-preview:large","max-video-preview":"max-video-preview:-1"},"canonical":"https:\/\/ctd-security.com\/en\/product\/que-thu-nhanh-chat-ma-tuy-tong-hop\/","og_locale":"en_US","og_type":"article","og_title":"Que th\u1eed nhanh ch\u1ea5t ma t\u00fay t\u1ed5ng h\u1ee3p - CTDTECH CO., LTD","og_description":"Lo\u1ea1i Que th\u1eed ma t\u00fay t\u1ed5ng h\u1ee3p b\u1eb1ng n\u01b0\u1edbc ti\u1ec3u  Pha\u0301t hi\u00ea\u0323n \u0111\u1ed3ng th\u1eddi 5 lo\u1ea1i ch\u1ea5t ma t\u00fay  Methamphetamine (MET) \u2013 Ma t\u00fay \u0111\u00e1  Marijuana (THC) \u2013 c\u1ea7n sa  Methylenedioxymethamphetamine (MDMA) Ecstasy, thu\u1ed1c l\u1eafc  Morphine (MOP)  Cocain (COC)  K\u1ebft qu\u1ea3 sau 05 ph\u00fat","og_url":"https:\/\/ctd-security.com\/en\/product\/que-thu-nhanh-chat-ma-tuy-tong-hop\/","og_site_name":"CTDTECH CO., LTD","article_modified_time":"2022-08-24T01:01:32+00:00","og_image":[{"width":800,"height":800,"url":"https:\/\/ctd-security.com\/wp-content\/uploads\/2022\/08\/DOA-U05-Multi-drug-5-in-1-Test-Panel.165.3-1-1.jpg","type":"image\/jpeg"}],"twitter_card":"summary_large_image","twitter_misc":{"Est. reading time":"3 minutes"},"schema":{"@context":"https:\/\/schema.org","@graph":[{"@type":"WebPage","@id":"https:\/\/ctd-security.com\/product\/que-thu-nhanh-chat-ma-tuy-tong-hop\/","url":"https:\/\/ctd-security.com\/product\/que-thu-nhanh-chat-ma-tuy-tong-hop\/","name":"Que th\u1eed nhanh ch\u1ea5t ma t\u00fay t\u1ed5ng h\u1ee3p - CTDTECH CO., LTD","isPartOf":{"@id":"https:\/\/ctd-security.com\/#website"},"primaryImageOfPage":{"@id":"https:\/\/ctd-security.com\/product\/que-thu-nhanh-chat-ma-tuy-tong-hop\/#primaryimage"},"image":{"@id":"https:\/\/ctd-security.com\/product\/que-thu-nhanh-chat-ma-tuy-tong-hop\/#primaryimage"},"thumbnailUrl":"https:\/\/ctd-security.com\/wp-content\/uploads\/2022\/08\/DOA-U05-Multi-drug-5-in-1-Test-Panel.165.3-1-1.jpg","datePublished":"2022-08-06T14:43:08+00:00","dateModified":"2022-08-24T01:01:32+00:00","breadcrumb":{"@id":"https:\/\/ctd-security.com\/product\/que-thu-nhanh-chat-ma-tuy-tong-hop\/#breadcrumb"},"inLanguage":"en-US","potentialAction":[{"@type":"ReadAction","target":["https:\/\/ctd-security.com\/product\/que-thu-nhanh-chat-ma-tuy-tong-hop\/"]}]},{"@type":"ImageObject","inLanguage":"en-US","@id":"https:\/\/ctd-security.com\/product\/que-thu-nhanh-chat-ma-tuy-tong-hop\/#primaryimage","url":"https:\/\/ctd-security.com\/wp-content\/uploads\/2022\/08\/DOA-U05-Multi-drug-5-in-1-Test-Panel.165.3-1-1.jpg","contentUrl":"https:\/\/ctd-security.com\/wp-content\/uploads\/2022\/08\/DOA-U05-Multi-drug-5-in-1-Test-Panel.165.3-1-1.jpg","width":800,"height":800},{"@type":"BreadcrumbList","@id":"https:\/\/ctd-security.com\/product\/que-thu-nhanh-chat-ma-tuy-tong-hop\/#breadcrumb","itemListElement":[{"@type":"ListItem","position":1,"name":"Trang ch\u1ee7","item":"https:\/\/ctd-security.com\/"},{"@type":"ListItem","position":2,"name":"s\u1ea3n ph\u1ea9m","item":"https:\/\/ctd-security.com\/san-pham\/"},{"@type":"ListItem","position":3,"name":"Que th\u1eed nhanh ch\u1ea5t ma t\u00fay t\u1ed5ng h\u1ee3p"}]},{"@type":"WebSite","@id":"https:\/\/ctd-security.com\/#website","url":"https:\/\/ctd-security.com\/","name":"CTDTECH CO., LTD","description":"Thi\u1ebft B\u1ecb v\u00e0 Gi\u1ea3i ph\u00e1p An Ninh","publisher":{"@id":"https:\/\/ctd-security.com\/#organization"},"potentialAction":[{"@type":"SearchAction","target":{"@type":"EntryPoint","urlTemplate":"https:\/\/ctd-security.com\/?s={search_term_string}"},"query-input":{"@type":"PropertyValueSpecification","valueRequired":true,"valueName":"search_term_string"}}],"inLanguage":"en-US"},{"@type":"Organization","@id":"https:\/\/ctd-security.com\/#organization","name":"CTDTECH Company","url":"https:\/\/ctd-security.com\/","logo":{"@type":"ImageObject","inLanguage":"en-US","@id":"https:\/\/ctd-security.com\/#\/schema\/logo\/image\/","url":"https:\/\/ctd-security.com\/wp-content\/uploads\/2022\/11\/CTDTECHNOLOGY-scaled.jpg","contentUrl":"https:\/\/ctd-security.com\/wp-content\/uploads\/2022\/11\/CTDTECHNOLOGY-scaled.jpg","width":2560,"height":2560,"caption":"CTDTECH Company"},"image":{"@id":"https:\/\/ctd-security.com\/#\/schema\/logo\/image\/"}}]}},"_links":{"self":[{"href":"https:\/\/ctd-security.com\/en\/wp-json\/wp\/v2\/product\/1205","targetHints":{"allow":["GET"]}}],"collection":[{"href":"https:\/\/ctd-security.com\/en\/wp-json\/wp\/v2\/product"}],"about":[{"href":"https:\/\/ctd-security.com\/en\/wp-json\/wp\/v2\/types\/product"}],"replies":[{"embeddable":true,"href":"https:\/\/ctd-security.com\/en\/wp-json\/wp\/v2\/comments?post=1205"}],"wp:featuredmedia":[{"embeddable":true,"href":"https:\/\/ctd-security.com\/en\/wp-json\/wp\/v2\/media\/1453"}],"wp:attachment":[{"href":"https:\/\/ctd-security.com\/en\/wp-json\/wp\/v2\/media?parent=1205"}],"wp:term":[{"taxonomy":"product_brand","embeddable":true,"href":"https:\/\/ctd-security.com\/en\/wp-json\/wp\/v2\/product_brand?post=1205"},{"taxonomy":"product_cat","embeddable":true,"href":"https:\/\/ctd-security.com\/en\/wp-json\/wp\/v2\/product_cat?post=1205"},{"taxonomy":"product_tag","embeddable":true,"href":"https:\/\/ctd-security.com\/en\/wp-json\/wp\/v2\/product_tag?post=1205"}],"curies":[{"name":"wp","href":"https:\/\/api.w.org\/{rel}","templated":true}]}}