{"id":3668,"date":"2026-04-07T14:09:19","date_gmt":"2026-04-07T07:09:19","guid":{"rendered":"https:\/\/ctd-security.com\/?post_type=product&#038;p=3668"},"modified":"2026-04-07T17:33:36","modified_gmt":"2026-04-07T10:33:36","slug":"den-laser-khong-che-doi-tuong","status":"publish","type":"product","link":"https:\/\/ctd-security.com\/en\/product\/den-laser-khong-che-doi-tuong\/","title":{"rendered":"\u0110\u00e8n laser kh\u1ed1ng ch\u1ebf \u0111\u1ed1i t\u01b0\u1ee3ng"},"content":{"rendered":"<h4 data-end=\"1035\" data-start=\"652\"><strong>\u0110\u00c8N LASER KH\u1ed0NG CH\u1ebe \u0110\u1ed0I T\u01af\u1ee2NG<\/strong><\/h4>\n<p data-end=\"1035\" data-start=\"652\"><span style=\"color: #282828;\"><span dir=\"auto\">IFGL520-1300 v\u1edbi 3 ch\u1ee9c n\u0103ng: kh\u1ed1ng ch\u1ebf \u0111\u1ed1i t\u01b0\u1ee3ng b\u1eb1ng tia<\/span><strong data-end=\"824\" data-start=\"756\"><span dir=\"auto\"> laser, chi\u1ebfu s\u00e1ng tr\u1eafng LED v\u00e0 t\u00edch h\u1ee3p ghi video<\/span><\/strong><span dir=\"auto\"> trong m\u1ed9t m\u1ed9t thi\u1ebft b\u1ecb duy nh\u1ea5t v\u1edbi v\u1ecf h\u1ee3p kim nh\u00f4m nh\u1ecf g\u1ecdn, ch\u1eafc ch\u1eafn. \u1ede ch\u1ebf \u0111\u1ed9 kh\u1ed1ng ch\u1ebf, thi\u1ebft b\u1ecb cung c\u1ea5p c\u1ea3 <\/span><strong data-end=\"924\" data-start=\"887\"><span dir=\"auto\">ch\u1ebf \u0111\u1ed9 nh\u00e1y laser v\u00e0 chi\u1ebfu laser li\u00ean t\u1ee5c<\/span><\/strong><span dir=\"auto\">\u00a0, mang l\u1ea1i hi\u1ec7u qu\u1ea3 r\u0103n \u0111e phi s\u00e1t th\u01b0\u01a1ng trong ki\u1ec3m so\u00e1t \u0111\u00e1m \u0111\u00f4ng, ng\u0103n ch\u1eb7n x\u00e2m nh\u1eadp khu v\u1ef1c ho\u1eb7c c\u00e1c t\u00ecnh hu\u1ed1ng b\u1ea3o v\u1ec7 c\u00e1 nh\u00e2n.<\/span><\/span><\/p>\n<h3 data-end=\"1076\" data-start=\"1037\"><span style=\"color: #282828;\"><strong data-end=\"1076\" data-start=\"1041\"><span dir=\"auto\">C\u00e1c t\u00ednh n\u0103ng v\u00e0 th\u00f4ng s\u1ed1 k\u1ef9 thu\u1eadt ch\u00ednh<\/span><\/strong><\/span><\/h3>\n<ul>\n<li><span style=\"color: #282828;\"><strong data-end=\"1095\" data-start=\"1080\"><span dir=\"auto\">B\u01b0\u1edbc s\u00f3ng laser:<\/span><\/strong><span dir=\"auto\">\u00a0520 \u00b17 nm (tia laser xanh l\u00e1 c\u00e2y)<\/span><\/span><\/li>\n<li><span style=\"color: #282828;\"><strong data-end=\"1149\" data-start=\"1124\"><span dir=\"auto\">C\u00f4ng su\u1ea5t \u0111\u1ea7u ra:<\/span><\/strong><span dir=\"auto\">\u00a0L\u00ean \u0111\u1ebfn 1,3 W<\/span><\/span><\/li>\n<li><span style=\"color: #282828;\"><strong data-end=\"1176\" data-start=\"1166\"><span dir=\"auto\">Ch\u1ebf \u0111\u1ed9 kh\u00f4ng ch\u1ebf:<\/span><\/strong><span dir=\"auto\">\u00a0Li\u00ean t\u1ee5c (CW) v\u00e0 Nh\u1ea5p nh\u00e1y (10 Hz)<\/span><\/span><\/li>\n<li><span style=\"color: #282828;\"><strong data-end=\"1236\" data-start=\"1216\"><span dir=\"auto\">Quay video:<\/span><\/strong><span dir=\"auto\"> \u0110\u1ed9 ph\u00e2n gi\u1ea3i 1080p HD<\/span><\/span><\/li>\n<li><strong>Dung l\u01b0\u1ee3ng b\u1ed9 nh\u1edb:<\/strong> 64Gb<\/li>\n<li><span style=\"color: #282828;\"><strong data-end=\"1333\" data-start=\"1312\"><span dir=\"auto\">\u0110\u1ed9 s\u00e1ng LED:<\/span><\/strong><span dir=\"auto\">\u00a0\u226521 lux \u1edf kho\u1ea3ng c\u00e1ch 25 m v\u1edbi \u0111\u01b0\u1eddng k\u00ednh ch\u00f9m s\u00e1ng 1,5 m<\/span><\/span><\/li>\n<li><span style=\"color: #282828;\"><strong data-end=\"1399\" data-start=\"1379\"><span dir=\"auto\">Ph\u1ea1m vi hi\u1ec7u qu\u1ea3:<\/span><\/strong><span dir=\"auto\"> 3 \u0111\u1ebfn 30 m\u00e9t<\/span><\/span><\/li>\n<li><strong>Pin<\/strong> 03 pin s\u1ea1c 18650<\/li>\n<li><strong>B\u1ea3o v\u1ec7 \u0111i\u1ec7n \u00e1p ng\u01b0\u1ee3<\/strong>c: c\u00f3<\/li>\n<li><span style=\"color: #282828;\"><span dir=\"auto\"><strong>Th\u1eddi gian ho\u1ea1t \u0111\u1ed9ng li\u00ean t\u1ee5c<\/strong> \u2265120 ph\u00fat.<\/span><\/span><\/li>\n<li><span style=\"color: #282828;\"><strong data-end=\"1610\" data-start=\"1595\"><span dir=\"auto\">\u0110\u1ed9 b\u1ec1n:<\/span><\/strong><span dir=\"auto\"> Th\u1ea3 r\u01a1i t\u1eeb \u0111\u1ed9 cao 1,2 m<\/span><\/span><\/li>\n<li><span style=\"color: #282828;\"><span dir=\"auto\"><strong>Tu\u1ed5i th\u1ecd \u0111\u00e8n<\/strong> s\u1eed d\u1ee5ng 1000 gi\u1edd<\/span><\/span><\/li>\n<li><strong>Nhi\u1ec7t \u0111\u1ed9\u00a0 ho\u1ea1t \u0111\u1ed9ng<\/strong>: -40 \u0111\u1ed9 C &#8211; 50 \u0111\u1ed9 C<\/li>\n<li><strong>V\u1ecf:<\/strong>\u00a0h\u1ee3p kim nh\u00f4m ch\u1eafc ch\u1eafn<\/li>\n<li><strong>K\u00edch th\u01b0\u1edbc<\/strong>: 62 x 165 ( \u0111\u01b0\u1eddng k\u00ednh \u0111\u00e8n x chi\u1ec1u d\u00e0i)<\/li>\n<li><strong>Tr\u1ecdng l\u01b0\u1ee3ng<\/strong> 540g<\/li>\n<\/ul>\n<p data-end=\"2089\" data-start=\"1667\"><span style=\"color: #282828;\"><span dir=\"auto\">\u0110\u00e8n laser kh\u1ed1ng ch\u1ebf \u0111\u1ed1i t\u01b0\u1ee3ng t\u1ea1o ra hi\u1ec7u \u1ee9ng r\u0103n \u0111e tr\u1ef1c quan m\u1ea1nh m\u1ebd b\u1eb1ng c\u00e1ch l\u00e0m suy gi\u1ea3m t\u1ea1m th\u1eddi kh\u1ea3 n\u0103ng nh\u1eadn th\u1ee9c th\u1ecb gi\u00e1c m\u00e0 kh\u00f4ng g\u00e2y t\u1ed5n th\u01b0\u01a1ng \u0111\u1ed1i t\u01b0\u1ee3ng, trong khi h\u1ec7 th\u1ed1ng video t\u00edch h\u1ee3p tr\u00ean thi\u1ebft b\u1ecb ghi l\u1ea1i c\u00e1c s\u1ef1 ki\u1ec7n trong th\u1eddi gian th\u1ef1c, n\u00e2ng cao nh\u1eadn th\u1ee9c t\u00ecnh hu\u1ed1ng v\u00e0 t\u00ednh to\u00e0n v\u1eb9n c\u1ee7a b\u1eb1ng ch\u1ee9ng. <\/span><\/span><\/p>\n<p data-end=\"2089\" data-start=\"1667\"><span style=\"color: #282828;\"><span dir=\"auto\">Thi\u1ebft b\u1ecb tu\u00e2n th\u1ee7 c\u00e1c ti\u00eau chu\u1ea9n GJB150A-2009 v\u1ec1 kh\u1ea3 n\u0103ng ch\u1ed1ng rung, ch\u1ed1ng \u0103n m\u1eb7n v\u00e0 ch\u1ed1ng \u1ea9m, \u0111\u1ea3m b\u1ea3o ho\u1ea1t \u0111\u1ed9ng \u0111\u00e1ng tin c\u1eady trong m\u00f4i tr\u01b0\u1eddng kh\u1eafc nghi\u1ec7t.<\/span><\/span><\/p>","protected":false},"excerpt":{"rendered":"<ul>\n<li data-end=\"1121\" data-start=\"1080\"><strong>T\u00edch h\u1ee3p 3 trong 1: <\/strong>\u0110\u00e8n Laser 530nm\u00a0 + \u0111\u00e8n s\u00e1ng LED + Ghi video 1080P<\/li>\n<li data-end=\"1163\" data-start=\"1124\"><span style=\"color: #282828;\"><strong data-end=\"1149\" data-start=\"1124\"><span dir=\"auto\">C\u00f4ng su\u1ea5t \u0111\u1ea7u ra cao:<\/span><\/strong><span dir=\"auto\">\u00a0L\u00ean \u0111\u1ebfn 1,3 W<\/span><\/span><\/li>\n<li data-end=\"1213\" data-start=\"1166\"><span style=\"color: #282828;\"><strong data-end=\"1176\" data-start=\"1166\"><span dir=\"auto\">Ch\u1ebf \u0111\u1ed9 kh\u00f4ng ch\u1ebf:<\/span><\/strong><span dir=\"auto\">\u00a0Li\u00ean t\u1ee5c (CW) v\u00e0 Nh\u1ea5p nh\u00e1y (10 Hz)<\/span><\/span><\/li>\n<li data-end=\"1309\" data-start=\"1216\"><span style=\"color: #282828;\"><strong data-end=\"1236\" data-start=\"1216\"><span dir=\"auto\">Quay video:<\/span><\/strong><span dir=\"auto\"> \u0110\u1ed9 ph\u00e2n gi\u1ea3i 1080p HD<\/span><\/span><\/li>\n<li data-end=\"1376\" data-start=\"1312\"><span style=\"color: #282828;\"><strong data-end=\"1333\" data-start=\"1312\"><span dir=\"auto\">\u0110\u1ed9 s\u00e1ng LED:<\/span><\/strong><span dir=\"auto\">\u00a0\u226521 lux \u1edf kho\u1ea3ng c\u00e1ch 25 m v\u1edbi \u0111\u01b0\u1eddng k\u00ednh ch\u00f9m s\u00e1ng 1,5 m<\/span><\/span><\/li>\n<li data-end=\"1416\" data-start=\"1379\"><span style=\"color: #282828;\"><strong data-end=\"1399\" data-start=\"1379\"><span dir=\"auto\">Ph\u1ea1m vi hi\u1ec7u qu\u1ea3:<\/span><\/strong><span dir=\"auto\"> 3 \u0111\u1ebfn 30 m\u00e9t<\/span><\/span><\/li>\n<li data-end=\"1504\" data-start=\"1419\"><span style=\"color: #282828;\">\u0110\u1ed9 tin c\u1eady v\u00e0 \u0111\u1ed9 \u1ed5n \u0111\u1ecbnh cao<\/span><\/li>\n<\/ul>","protected":false},"featured_media":3677,"comment_status":"open","ping_status":"closed","template":"","meta":[],"product_brand":[],"product_cat":[15,72,99,98],"product_tag":[],"class_list":{"0":"post-3668","1":"product","2":"type-product","3":"status-publish","4":"has-post-thumbnail","6":"product_cat-tat-ca-san-pham","7":"product_cat-thiet-bi-an-toan-giao-thong","8":"product_cat-thiet-bi-ho-tro","9":"product_cat-thiet-bi-pccc-va-chcn","11":"first","12":"instock","13":"shipping-taxable","14":"product-type-simple"},"yoast_head":"<!-- This site is optimized with the Yoast SEO plugin v27.4 - https:\/\/yoast.com\/product\/yoast-seo-wordpress\/ -->\n<title>\u0110\u00e8n laser kh\u1ed1ng ch\u1ebf \u0111\u1ed1i t\u01b0\u1ee3ng - CTDTECH CO., LTD<\/title>\n<meta name=\"robots\" content=\"index, follow, max-snippet:-1, max-image-preview:large, max-video-preview:-1\" \/>\n<link rel=\"canonical\" href=\"https:\/\/ctd-security.com\/en\/product\/den-laser-khong-che-doi-tuong\/\" \/>\n<meta property=\"og:locale\" content=\"en_US\" \/>\n<meta property=\"og:type\" content=\"article\" \/>\n<meta property=\"og:title\" content=\"\u0110\u00e8n laser kh\u1ed1ng ch\u1ebf \u0111\u1ed1i t\u01b0\u1ee3ng - CTDTECH CO., LTD\" \/>\n<meta property=\"og:description\" content=\"T\u00edch h\u1ee3p 3 trong 1: \u0110\u00e8n Laser 530nm\u00a0 + \u0111\u00e8n s\u00e1ng LED + Ghi video 1080P  C\u00f4ng su\u1ea5t \u0111\u1ea7u ra cao:\u00a0L\u00ean \u0111\u1ebfn 1,3 W  Ch\u1ebf \u0111\u1ed9 kh\u00f4ng ch\u1ebf:\u00a0Li\u00ean t\u1ee5c (CW) v\u00e0 Nh\u1ea5p nh\u00e1y (10 Hz)  Quay video: \u0110\u1ed9 ph\u00e2n gi\u1ea3i 1080p HD  \u0110\u1ed9 s\u00e1ng LED:\u00a0\u226521 lux \u1edf kho\u1ea3ng c\u00e1ch 25 m v\u1edbi \u0111\u01b0\u1eddng k\u00ednh ch\u00f9m s\u00e1ng 1,5 m  Ph\u1ea1m vi hi\u1ec7u qu\u1ea3: 3 \u0111\u1ebfn 30 m\u00e9t  \u0110\u1ed9 tin c\u1eady v\u00e0 \u0111\u1ed9 \u1ed5n \u0111\u1ecbnh cao\" \/>\n<meta property=\"og:url\" content=\"https:\/\/ctd-security.com\/en\/product\/den-laser-khong-che-doi-tuong\/\" \/>\n<meta property=\"og:site_name\" content=\"CTDTECH CO., LTD\" \/>\n<meta property=\"article:modified_time\" content=\"2026-04-07T10:33:36+00:00\" \/>\n<meta property=\"og:image\" content=\"https:\/\/ctd-security.com\/wp-content\/uploads\/2026\/04\/Den-laser.png\" \/>\n\t<meta property=\"og:image:width\" content=\"1200\" \/>\n\t<meta property=\"og:image:height\" content=\"800\" \/>\n\t<meta property=\"og:image:type\" content=\"image\/png\" \/>\n<meta name=\"twitter:card\" content=\"summary_large_image\" \/>\n<meta name=\"twitter:label1\" content=\"Est. reading time\" \/>\n\t<meta name=\"twitter:data1\" content=\"3 minutes\" \/>\n<script type=\"application\/ld+json\" class=\"yoast-schema-graph\">{\"@context\":\"https:\\\/\\\/schema.org\",\"@graph\":[{\"@type\":\"WebPage\",\"@id\":\"https:\\\/\\\/ctd-security.com\\\/product\\\/den-laser-khong-che-doi-tuong\\\/\",\"url\":\"https:\\\/\\\/ctd-security.com\\\/product\\\/den-laser-khong-che-doi-tuong\\\/\",\"name\":\"\u0110\u00e8n laser kh\u1ed1ng ch\u1ebf \u0111\u1ed1i t\u01b0\u1ee3ng - CTDTECH CO., LTD\",\"isPartOf\":{\"@id\":\"https:\\\/\\\/ctd-security.com\\\/#website\"},\"primaryImageOfPage\":{\"@id\":\"https:\\\/\\\/ctd-security.com\\\/product\\\/den-laser-khong-che-doi-tuong\\\/#primaryimage\"},\"image\":{\"@id\":\"https:\\\/\\\/ctd-security.com\\\/product\\\/den-laser-khong-che-doi-tuong\\\/#primaryimage\"},\"thumbnailUrl\":\"https:\\\/\\\/ctd-security.com\\\/wp-content\\\/uploads\\\/2026\\\/04\\\/Den-laser.png\",\"datePublished\":\"2026-04-07T07:09:19+00:00\",\"dateModified\":\"2026-04-07T10:33:36+00:00\",\"breadcrumb\":{\"@id\":\"https:\\\/\\\/ctd-security.com\\\/product\\\/den-laser-khong-che-doi-tuong\\\/#breadcrumb\"},\"inLanguage\":\"en-US\",\"potentialAction\":[{\"@type\":\"ReadAction\",\"target\":[\"https:\\\/\\\/ctd-security.com\\\/product\\\/den-laser-khong-che-doi-tuong\\\/\"]}]},{\"@type\":\"ImageObject\",\"inLanguage\":\"en-US\",\"@id\":\"https:\\\/\\\/ctd-security.com\\\/product\\\/den-laser-khong-che-doi-tuong\\\/#primaryimage\",\"url\":\"https:\\\/\\\/ctd-security.com\\\/wp-content\\\/uploads\\\/2026\\\/04\\\/Den-laser.png\",\"contentUrl\":\"https:\\\/\\\/ctd-security.com\\\/wp-content\\\/uploads\\\/2026\\\/04\\\/Den-laser.png\",\"width\":1200,\"height\":800},{\"@type\":\"BreadcrumbList\",\"@id\":\"https:\\\/\\\/ctd-security.com\\\/product\\\/den-laser-khong-che-doi-tuong\\\/#breadcrumb\",\"itemListElement\":[{\"@type\":\"ListItem\",\"position\":1,\"name\":\"Trang ch\u1ee7\",\"item\":\"https:\\\/\\\/ctd-security.com\\\/\"},{\"@type\":\"ListItem\",\"position\":2,\"name\":\"s\u1ea3n ph\u1ea9m\",\"item\":\"https:\\\/\\\/ctd-security.com\\\/san-pham\\\/\"},{\"@type\":\"ListItem\",\"position\":3,\"name\":\"\u0110\u00e8n laser kh\u1ed1ng ch\u1ebf \u0111\u1ed1i t\u01b0\u1ee3ng\"}]},{\"@type\":\"WebSite\",\"@id\":\"https:\\\/\\\/ctd-security.com\\\/#website\",\"url\":\"https:\\\/\\\/ctd-security.com\\\/\",\"name\":\"CTDTECH CO., LTD\",\"description\":\"Thi\u1ebft B\u1ecb v\u00e0 Gi\u1ea3i ph\u00e1p An Ninh\",\"publisher\":{\"@id\":\"https:\\\/\\\/ctd-security.com\\\/#organization\"},\"potentialAction\":[{\"@type\":\"SearchAction\",\"target\":{\"@type\":\"EntryPoint\",\"urlTemplate\":\"https:\\\/\\\/ctd-security.com\\\/?s={search_term_string}\"},\"query-input\":{\"@type\":\"PropertyValueSpecification\",\"valueRequired\":true,\"valueName\":\"search_term_string\"}}],\"inLanguage\":\"en-US\"},{\"@type\":\"Organization\",\"@id\":\"https:\\\/\\\/ctd-security.com\\\/#organization\",\"name\":\"CTDTECH Company\",\"url\":\"https:\\\/\\\/ctd-security.com\\\/\",\"logo\":{\"@type\":\"ImageObject\",\"inLanguage\":\"en-US\",\"@id\":\"https:\\\/\\\/ctd-security.com\\\/#\\\/schema\\\/logo\\\/image\\\/\",\"url\":\"https:\\\/\\\/ctd-security.com\\\/wp-content\\\/uploads\\\/2022\\\/11\\\/CTDTECHNOLOGY-scaled.jpg\",\"contentUrl\":\"https:\\\/\\\/ctd-security.com\\\/wp-content\\\/uploads\\\/2022\\\/11\\\/CTDTECHNOLOGY-scaled.jpg\",\"width\":2560,\"height\":2560,\"caption\":\"CTDTECH Company\"},\"image\":{\"@id\":\"https:\\\/\\\/ctd-security.com\\\/#\\\/schema\\\/logo\\\/image\\\/\"}}]}<\/script>\n<!-- \/ Yoast SEO plugin. -->","yoast_head_json":{"title":"\u0110\u00e8n laser kh\u1ed1ng ch\u1ebf \u0111\u1ed1i t\u01b0\u1ee3ng - CTDTECH CO., LTD","robots":{"index":"index","follow":"follow","max-snippet":"max-snippet:-1","max-image-preview":"max-image-preview:large","max-video-preview":"max-video-preview:-1"},"canonical":"https:\/\/ctd-security.com\/en\/product\/den-laser-khong-che-doi-tuong\/","og_locale":"en_US","og_type":"article","og_title":"\u0110\u00e8n laser kh\u1ed1ng ch\u1ebf \u0111\u1ed1i t\u01b0\u1ee3ng - CTDTECH CO., LTD","og_description":"T\u00edch h\u1ee3p 3 trong 1: \u0110\u00e8n Laser 530nm\u00a0 + \u0111\u00e8n s\u00e1ng LED + Ghi video 1080P  C\u00f4ng su\u1ea5t \u0111\u1ea7u ra cao:\u00a0L\u00ean \u0111\u1ebfn 1,3 W  Ch\u1ebf \u0111\u1ed9 kh\u00f4ng ch\u1ebf:\u00a0Li\u00ean t\u1ee5c (CW) v\u00e0 Nh\u1ea5p nh\u00e1y (10 Hz)  Quay video: \u0110\u1ed9 ph\u00e2n gi\u1ea3i 1080p HD  \u0110\u1ed9 s\u00e1ng LED:\u00a0\u226521 lux \u1edf kho\u1ea3ng c\u00e1ch 25 m v\u1edbi \u0111\u01b0\u1eddng k\u00ednh ch\u00f9m s\u00e1ng 1,5 m  Ph\u1ea1m vi hi\u1ec7u qu\u1ea3: 3 \u0111\u1ebfn 30 m\u00e9t  \u0110\u1ed9 tin c\u1eady v\u00e0 \u0111\u1ed9 \u1ed5n \u0111\u1ecbnh cao","og_url":"https:\/\/ctd-security.com\/en\/product\/den-laser-khong-che-doi-tuong\/","og_site_name":"CTDTECH CO., LTD","article_modified_time":"2026-04-07T10:33:36+00:00","og_image":[{"width":1200,"height":800,"url":"https:\/\/ctd-security.com\/wp-content\/uploads\/2026\/04\/Den-laser.png","type":"image\/png"}],"twitter_card":"summary_large_image","twitter_misc":{"Est. reading time":"3 minutes"},"schema":{"@context":"https:\/\/schema.org","@graph":[{"@type":"WebPage","@id":"https:\/\/ctd-security.com\/product\/den-laser-khong-che-doi-tuong\/","url":"https:\/\/ctd-security.com\/product\/den-laser-khong-che-doi-tuong\/","name":"\u0110\u00e8n laser kh\u1ed1ng ch\u1ebf \u0111\u1ed1i t\u01b0\u1ee3ng - CTDTECH CO., LTD","isPartOf":{"@id":"https:\/\/ctd-security.com\/#website"},"primaryImageOfPage":{"@id":"https:\/\/ctd-security.com\/product\/den-laser-khong-che-doi-tuong\/#primaryimage"},"image":{"@id":"https:\/\/ctd-security.com\/product\/den-laser-khong-che-doi-tuong\/#primaryimage"},"thumbnailUrl":"https:\/\/ctd-security.com\/wp-content\/uploads\/2026\/04\/Den-laser.png","datePublished":"2026-04-07T07:09:19+00:00","dateModified":"2026-04-07T10:33:36+00:00","breadcrumb":{"@id":"https:\/\/ctd-security.com\/product\/den-laser-khong-che-doi-tuong\/#breadcrumb"},"inLanguage":"en-US","potentialAction":[{"@type":"ReadAction","target":["https:\/\/ctd-security.com\/product\/den-laser-khong-che-doi-tuong\/"]}]},{"@type":"ImageObject","inLanguage":"en-US","@id":"https:\/\/ctd-security.com\/product\/den-laser-khong-che-doi-tuong\/#primaryimage","url":"https:\/\/ctd-security.com\/wp-content\/uploads\/2026\/04\/Den-laser.png","contentUrl":"https:\/\/ctd-security.com\/wp-content\/uploads\/2026\/04\/Den-laser.png","width":1200,"height":800},{"@type":"BreadcrumbList","@id":"https:\/\/ctd-security.com\/product\/den-laser-khong-che-doi-tuong\/#breadcrumb","itemListElement":[{"@type":"ListItem","position":1,"name":"Trang ch\u1ee7","item":"https:\/\/ctd-security.com\/"},{"@type":"ListItem","position":2,"name":"s\u1ea3n ph\u1ea9m","item":"https:\/\/ctd-security.com\/san-pham\/"},{"@type":"ListItem","position":3,"name":"\u0110\u00e8n laser kh\u1ed1ng ch\u1ebf \u0111\u1ed1i t\u01b0\u1ee3ng"}]},{"@type":"WebSite","@id":"https:\/\/ctd-security.com\/#website","url":"https:\/\/ctd-security.com\/","name":"CTDTECH CO., LTD","description":"Thi\u1ebft B\u1ecb v\u00e0 Gi\u1ea3i ph\u00e1p An Ninh","publisher":{"@id":"https:\/\/ctd-security.com\/#organization"},"potentialAction":[{"@type":"SearchAction","target":{"@type":"EntryPoint","urlTemplate":"https:\/\/ctd-security.com\/?s={search_term_string}"},"query-input":{"@type":"PropertyValueSpecification","valueRequired":true,"valueName":"search_term_string"}}],"inLanguage":"en-US"},{"@type":"Organization","@id":"https:\/\/ctd-security.com\/#organization","name":"CTDTECH Company","url":"https:\/\/ctd-security.com\/","logo":{"@type":"ImageObject","inLanguage":"en-US","@id":"https:\/\/ctd-security.com\/#\/schema\/logo\/image\/","url":"https:\/\/ctd-security.com\/wp-content\/uploads\/2022\/11\/CTDTECHNOLOGY-scaled.jpg","contentUrl":"https:\/\/ctd-security.com\/wp-content\/uploads\/2022\/11\/CTDTECHNOLOGY-scaled.jpg","width":2560,"height":2560,"caption":"CTDTECH Company"},"image":{"@id":"https:\/\/ctd-security.com\/#\/schema\/logo\/image\/"}}]}},"_links":{"self":[{"href":"https:\/\/ctd-security.com\/en\/wp-json\/wp\/v2\/product\/3668","targetHints":{"allow":["GET"]}}],"collection":[{"href":"https:\/\/ctd-security.com\/en\/wp-json\/wp\/v2\/product"}],"about":[{"href":"https:\/\/ctd-security.com\/en\/wp-json\/wp\/v2\/types\/product"}],"replies":[{"embeddable":true,"href":"https:\/\/ctd-security.com\/en\/wp-json\/wp\/v2\/comments?post=3668"}],"wp:featuredmedia":[{"embeddable":true,"href":"https:\/\/ctd-security.com\/en\/wp-json\/wp\/v2\/media\/3677"}],"wp:attachment":[{"href":"https:\/\/ctd-security.com\/en\/wp-json\/wp\/v2\/media?parent=3668"}],"wp:term":[{"taxonomy":"product_brand","embeddable":true,"href":"https:\/\/ctd-security.com\/en\/wp-json\/wp\/v2\/product_brand?post=3668"},{"taxonomy":"product_cat","embeddable":true,"href":"https:\/\/ctd-security.com\/en\/wp-json\/wp\/v2\/product_cat?post=3668"},{"taxonomy":"product_tag","embeddable":true,"href":"https:\/\/ctd-security.com\/en\/wp-json\/wp\/v2\/product_tag?post=3668"}],"curies":[{"name":"wp","href":"https:\/\/api.w.org\/{rel}","templated":true}]}}